{"id":224,"date":"2021-02-11T10:30:28","date_gmt":"2021-02-11T09:30:28","guid":{"rendered":"http:\/\/www.cdu-bobenheim.de\/?page_id=224"},"modified":"2021-12-04T10:56:51","modified_gmt":"2021-12-04T09:56:51","slug":"fraktion","status":"publish","type":"page","link":"http:\/\/www.cdu-bobenheim.de\/?page_id=224","title":{"rendered":"Fraktion"},"content":{"rendered":"\t\t<div data-elementor-type=\"wp-page\" data-elementor-id=\"224\" class=\"elementor elementor-224\">\n\t\t\t\t\t\t\t\t\t<section class=\"elementor-section elementor-top-section elementor-element elementor-element-5227c64 elementor-section-boxed elementor-section-height-default elementor-section-height-default\" data-id=\"5227c64\" data-element_type=\"section\">\n\t\t\t\t\t\t<div class=\"elementor-container elementor-column-gap-default\">\n\t\t\t\t\t<div class=\"elementor-column elementor-col-100 elementor-top-column elementor-element elementor-element-ba0f977\" data-id=\"ba0f977\" data-element_type=\"column\">\n\t\t\t<div class=\"elementor-widget-wrap elementor-element-populated\">\n\t\t\t\t\t\t\t\t<div class=\"elementor-element elementor-element-86f4ad9 elementor-widget elementor-widget-lae-team-members\" data-id=\"86f4ad9\" data-element_type=\"widget\" data-widget_type=\"lae-team-members.default\">\n\t\t\t\t<div class=\"elementor-widget-container\">\n\t\t\t\n\n<div        class=\"lae-team-members lae-team-members-style1 lae-uber-grid-container  lae-grid-auto-column-layout\" >\n\n    \n        \n        \n        \n<div class=\"lae-team-member-wrapper\">\n\n    \n    <div class=\"lae-team-member \" >\n\n        <div class=\"lae-image-wrapper\">\n\n            \n                \n                \n                    <img loading=\"lazy\" decoding=\"async\" width=\"100\" height=\"150\" src=\"http:\/\/www.cdu-bobenheim.de\/wp-content\/uploads\/2021\/02\/Dietmar_Web.jpg\" class=\"lae-image attachment-full size-full\" alt=\"Dietmar_Web\" title=\"Dietmar_Web\" \/>\n                \n            \n            \n<div class=\"lae-social-wrap\">\n    <div class=\"lae-social-list\">\n\n                        \n        \n        \n        \n        \n        \n        \n    <\/div><!-- .lae-social-list -->\n<\/div><!-- .lae-social-wrap -->\n\n\n\n        <\/div><!-- .lae-image-wrapper -->\n\n        <div class=\"lae-team-member-text\">\n\n            \n            \n                <h3 class=\"lae-title\">Ortsb\u00fcrgermeister<\/h3>\n            \n            <div class=\"lae-team-member-position\">\n\n                Dietmar Leist\n            <\/div>\n\n            <div class=\"lae-team-member-details\">\n\n                \n            <\/div>\n\n        <\/div><!-- .lae-team-member-text -->\n\n    <\/div><!-- .lae-team-member -->\n\n<\/div><!-- .lae-team-member-wrapper -->\n    \n<\/div><!-- .lae-team-members -->\n\n<div class=\"lae-clear\"><\/div>\t\t<\/div>\n\t\t\t\t<\/div>\n\t\t\t\t\t<\/div>\n\t\t<\/div>\n\t\t\t\t\t\t\t<\/div>\n\t\t<\/section>\n\t\t\t\t<section class=\"elementor-section elementor-top-section elementor-element elementor-element-ddce083 elementor-section-boxed elementor-section-height-default elementor-section-height-default\" data-id=\"ddce083\" data-element_type=\"section\">\n\t\t\t\t\t\t<div class=\"elementor-container elementor-column-gap-default\">\n\t\t\t\t\t<div class=\"elementor-column elementor-col-100 elementor-top-column elementor-element elementor-element-6c88624\" data-id=\"6c88624\" data-element_type=\"column\">\n\t\t\t<div class=\"elementor-widget-wrap elementor-element-populated\">\n\t\t\t\t\t\t\t\t<div class=\"elementor-element elementor-element-c9e7306 elementor-widget elementor-widget-lae-team-members\" data-id=\"c9e7306\" data-element_type=\"widget\" data-widget_type=\"lae-team-members.default\">\n\t\t\t\t<div class=\"elementor-widget-container\">\n\t\t\t\n\n<div        class=\"lae-team-members lae-team-members-style1 lae-uber-grid-container  lae-grid-auto-column-layout\" >\n\n    \n        \n        \n        \n<div class=\"lae-team-member-wrapper\">\n\n    \n    <div class=\"lae-team-member \" >\n\n        <div class=\"lae-image-wrapper\">\n\n            \n                \n                \n                    <img loading=\"lazy\" decoding=\"async\" width=\"110\" height=\"110\"  src=\"http:\/\/www.cdu-bobenheim.de\/wp-content\/uploads\/elementor\/thumbs\/Gabi_Web-p2p909s4h6uyexyn9629tllh1ysvych4242rqln2z0.jpg\" title=\"Gabi_Web\" alt=\"Gabi_Web\" class=\"lae-image\" \/>\n                \n            \n            \n<div class=\"lae-social-wrap\">\n    <div class=\"lae-social-list\">\n\n                        \n        \n        \n        \n        \n        \n        \n    <\/div><!-- .lae-social-list -->\n<\/div><!-- .lae-social-wrap -->\n\n\n\n        <\/div><!-- .lae-image-wrapper -->\n\n        <div class=\"lae-team-member-text\">\n\n            \n            \n                <h3 class=\"lae-title\">Fraktionsvorsitzende<\/h3>\n            \n            <div class=\"lae-team-member-position\">\n\n                Gabriele Hartmann\n            <\/div>\n\n            <div class=\"lae-team-member-details\">\n\n                \n            <\/div>\n\n        <\/div><!-- .lae-team-member-text -->\n\n    <\/div><!-- .lae-team-member -->\n\n<\/div><!-- .lae-team-member-wrapper -->\n    \n        \n        \n        \n<div class=\"lae-team-member-wrapper\">\n\n    \n    <div class=\"lae-team-member \" >\n\n        <div class=\"lae-image-wrapper\">\n\n            \n                \n                \n                    <img loading=\"lazy\" decoding=\"async\" width=\"110\" height=\"110\"  src=\"http:\/\/www.cdu-bobenheim.de\/wp-content\/uploads\/elementor\/thumbs\/Stephan_Web-p2p98mkh86apm5tqgs2vzhoz59mcdhn7vgu5b593nw.jpg\" title=\"Stephan_Web\" alt=\"Stephan_Web\" class=\"lae-image\" \/>\n                \n            \n            \n<div class=\"lae-social-wrap\">\n    <div class=\"lae-social-list\">\n\n                        \n        \n        \n        \n        \n        \n        \n    <\/div><!-- .lae-social-list -->\n<\/div><!-- .lae-social-wrap -->\n\n\n\n        <\/div><!-- .lae-image-wrapper -->\n\n        <div class=\"lae-team-member-text\">\n\n            \n            \n                <h3 class=\"lae-title\">Stellv. Fraktionsvorsitzender<\/h3>\n            \n            <div class=\"lae-team-member-position\">\n\n                Stephan Schindler\n            <\/div>\n\n            <div class=\"lae-team-member-details\">\n\n                \n            <\/div>\n\n        <\/div><!-- .lae-team-member-text -->\n\n    <\/div><!-- .lae-team-member -->\n\n<\/div><!-- .lae-team-member-wrapper -->\n    \n<\/div><!-- .lae-team-members -->\n\n<div class=\"lae-clear\"><\/div>\t\t<\/div>\n\t\t\t\t<\/div>\n\t\t\t\t\t<\/div>\n\t\t<\/div>\n\t\t\t\t\t\t\t<\/div>\n\t\t<\/section>\n\t\t\t\t<section class=\"elementor-section elementor-top-section elementor-element elementor-element-8e3add4 elementor-section-boxed elementor-section-height-default elementor-section-height-default\" data-id=\"8e3add4\" data-element_type=\"section\">\n\t\t\t\t\t\t<div class=\"elementor-container elementor-column-gap-default\">\n\t\t\t\t\t<div class=\"elementor-column elementor-col-100 elementor-top-column elementor-element elementor-element-a8a251d\" data-id=\"a8a251d\" data-element_type=\"column\">\n\t\t\t<div class=\"elementor-widget-wrap elementor-element-populated\">\n\t\t\t\t\t\t\t\t<div class=\"elementor-element elementor-element-4845204 elementor-widget elementor-widget-lae-team-members\" data-id=\"4845204\" data-element_type=\"widget\" data-widget_type=\"lae-team-members.default\">\n\t\t\t\t<div class=\"elementor-widget-container\">\n\t\t\t\n\n<div        class=\"lae-team-members lae-team-members-style1 lae-uber-grid-container  lae-grid-auto-column-layout\" >\n\n    \n        \n        \n        \n<div class=\"lae-team-member-wrapper\">\n\n    \n    <div class=\"lae-team-member \" >\n\n        <div class=\"lae-image-wrapper\">\n\n            \n                \n                \n                    <img loading=\"lazy\" decoding=\"async\" width=\"110\" height=\"110\"  src=\"http:\/\/www.cdu-bobenheim.de\/wp-content\/uploads\/elementor\/thumbs\/Michi_Web-p2p9otcexgghkeb7xrzkxemrg5twxtwsrlb6up90i4.jpg\" title=\"Michi_Web\" alt=\"Michi_Web\" class=\"lae-image\" \/>\n                \n            \n            \n<div class=\"lae-social-wrap\">\n    <div class=\"lae-social-list\">\n\n                        \n        \n        \n        \n        \n        \n        \n    <\/div><!-- .lae-social-list -->\n<\/div><!-- .lae-social-wrap -->\n\n\n\n        <\/div><!-- .lae-image-wrapper -->\n\n        <div class=\"lae-team-member-text\">\n\n            \n            \n                <h3 class=\"lae-title\">Gemeinder\u00e4tin<\/h3>\n            \n            <div class=\"lae-team-member-position\">\n\n                Michaela F\u00f6rster\n            <\/div>\n\n            <div class=\"lae-team-member-details\">\n\n                \n            <\/div>\n\n        <\/div><!-- .lae-team-member-text -->\n\n    <\/div><!-- .lae-team-member -->\n\n<\/div><!-- .lae-team-member-wrapper -->\n    \n        \n        \n        \n<div class=\"lae-team-member-wrapper\">\n\n    \n    <div class=\"lae-team-member \" >\n\n        <div class=\"lae-image-wrapper\">\n\n            \n                \n                \n                    <img loading=\"lazy\" decoding=\"async\" width=\"110\" height=\"110\"  src=\"http:\/\/www.cdu-bobenheim.de\/wp-content\/uploads\/elementor\/thumbs\/Marko_Web-p2p9b8kc7lvdv6177wpkwtz2jsr1r80dke2patdqdo.jpg\" title=\"Marko_Web\" alt=\"Marko_Web\" class=\"lae-image\" \/>\n                \n            \n            \n<div class=\"lae-social-wrap\">\n    <div class=\"lae-social-list\">\n\n                        \n        \n        \n        \n        \n        \n        \n    <\/div><!-- .lae-social-list -->\n<\/div><!-- .lae-social-wrap -->\n\n\n\n        <\/div><!-- .lae-image-wrapper -->\n\n        <div class=\"lae-team-member-text\">\n\n            \n            \n                <h3 class=\"lae-title\">Gemeinderat<\/h3>\n            \n            <div class=\"lae-team-member-position\">\n\n                Dr. Marko Leist\n            <\/div>\n\n            <div class=\"lae-team-member-details\">\n\n                \n            <\/div>\n\n        <\/div><!-- .lae-team-member-text -->\n\n    <\/div><!-- .lae-team-member -->\n\n<\/div><!-- .lae-team-member-wrapper -->\n    \n        \n        \n        \n<div class=\"lae-team-member-wrapper\">\n\n    \n    <div class=\"lae-team-member \" >\n\n        <div class=\"lae-image-wrapper\">\n\n            \n                \n                \n                    <img loading=\"lazy\" decoding=\"async\" width=\"110\" height=\"110\"  src=\"http:\/\/www.cdu-bobenheim.de\/wp-content\/uploads\/elementor\/thumbs\/Erika_Web-p2p9q680subec4c80d46j2aqc75023auab8ft38jik.jpg\" title=\"Erika_Web\" alt=\"Erika_Web\" class=\"lae-image\" \/>\n                \n            \n            \n<div class=\"lae-social-wrap\">\n    <div class=\"lae-social-list\">\n\n                        \n        \n        \n        \n        \n        \n        \n    <\/div><!-- .lae-social-list -->\n<\/div><!-- .lae-social-wrap -->\n\n\n\n        <\/div><!-- .lae-image-wrapper -->\n\n        <div class=\"lae-team-member-text\">\n\n            \n            \n                <h3 class=\"lae-title\">Gemeinder\u00e4tin<\/h3>\n            \n            <div class=\"lae-team-member-position\">\n\n                Erika Neuhauss\n            <\/div>\n\n            <div class=\"lae-team-member-details\">\n\n                \n            <\/div>\n\n        <\/div><!-- .lae-team-member-text -->\n\n    <\/div><!-- .lae-team-member -->\n\n<\/div><!-- .lae-team-member-wrapper -->\n    \n<\/div><!-- .lae-team-members -->\n\n<div class=\"lae-clear\"><\/div>\t\t<\/div>\n\t\t\t\t<\/div>\n\t\t\t\t\t<\/div>\n\t\t<\/div>\n\t\t\t\t\t\t\t<\/div>\n\t\t<\/section>\n\t\t\t\t\t\t\t<\/div>\n\t\t","protected":false},"excerpt":{"rendered":"<p>Ortsb\u00fcrgermeister Dietmar Leist Fraktionsvorsitzende Gabriele Hartmann Stellv. Fraktionsvorsitzender Stephan Schindler Gemeinder\u00e4tin Michaela F\u00f6rster Gemeinderat Dr. Marko Leist Gemeinder\u00e4tin Erika Neuhauss<\/p>\n","protected":false},"author":1,"featured_media":0,"parent":0,"menu_order":0,"comment_status":"closed","ping_status":"closed","template":"","meta":{"footnotes":""},"_links":{"self":[{"href":"http:\/\/www.cdu-bobenheim.de\/index.php?rest_route=\/wp\/v2\/pages\/224"}],"collection":[{"href":"http:\/\/www.cdu-bobenheim.de\/index.php?rest_route=\/wp\/v2\/pages"}],"about":[{"href":"http:\/\/www.cdu-bobenheim.de\/index.php?rest_route=\/wp\/v2\/types\/page"}],"author":[{"embeddable":true,"href":"http:\/\/www.cdu-bobenheim.de\/index.php?rest_route=\/wp\/v2\/users\/1"}],"replies":[{"embeddable":true,"href":"http:\/\/www.cdu-bobenheim.de\/index.php?rest_route=%2Fwp%2Fv2%2Fcomments&post=224"}],"version-history":[{"count":57,"href":"http:\/\/www.cdu-bobenheim.de\/index.php?rest_route=\/wp\/v2\/pages\/224\/revisions"}],"predecessor-version":[{"id":739,"href":"http:\/\/www.cdu-bobenheim.de\/index.php?rest_route=\/wp\/v2\/pages\/224\/revisions\/739"}],"wp:attachment":[{"href":"http:\/\/www.cdu-bobenheim.de\/index.php?rest_route=%2Fwp%2Fv2%2Fmedia&parent=224"}],"curies":[{"name":"wp","href":"https:\/\/api.w.org\/{rel}","templated":true}]}}