{"id":293,"date":"2021-02-11T11:04:47","date_gmt":"2021-02-11T10:04:47","guid":{"rendered":"http:\/\/www.cdu-bobenheim.de\/?page_id=293"},"modified":"2021-02-11T11:21:56","modified_gmt":"2021-02-11T10:21:56","slug":"ueber-uns","status":"publish","type":"page","link":"http:\/\/www.cdu-bobenheim.de\/?page_id=293","title":{"rendered":"\u00dcber uns"},"content":{"rendered":"\t\t<div data-elementor-type=\"wp-page\" data-elementor-id=\"293\" class=\"elementor elementor-293\">\n\t\t\t\t\t\t\t\t\t<section class=\"elementor-section elementor-top-section elementor-element elementor-element-c9318d2 elementor-section-boxed elementor-section-height-default elementor-section-height-default\" data-id=\"c9318d2\" data-element_type=\"section\">\n\t\t\t\t\t\t<div class=\"elementor-container elementor-column-gap-default\">\n\t\t\t\t\t<div class=\"elementor-column elementor-col-50 elementor-top-column elementor-element elementor-element-1b86ad0\" data-id=\"1b86ad0\" data-element_type=\"column\">\n\t\t\t<div class=\"elementor-widget-wrap elementor-element-populated\">\n\t\t\t\t\t\t\t\t<div class=\"elementor-element elementor-element-8b7f89a elementor-widget elementor-widget-text-editor\" data-id=\"8b7f89a\" data-element_type=\"widget\" data-widget_type=\"text-editor.default\">\n\t\t\t\t<div class=\"elementor-widget-container\">\n\t\t\t\t\t\t\t<h2>Willkommen bei der CDU Bobenheim am Berg<\/h2>\n<p>Der Ortsverband Bobenheim am Berg freut sich, Sie auf dieser Website begr\u00fc\u00dfen zu d\u00fcrfen.<\/p>\n<p>Auf unseren Seiten k\u00f6nnen Sie sich \u00fcber die Arbeit des Ortsverbandes informieren.<\/p>\n<p>Vielleicht bekommen auch Sie Lust, sich politisch zu engagieren und ich darf Sie auf einer unserer n\u00e4chsten Veranstaltungen pers\u00f6nlich willkommen hei\u00dfen.<\/p>\n<p>F\u00fcr Fragen und Feedback k\u00f6nnen Sie uns jederzeit unter der Rubrik Kontakt erreichen.<\/p><p><br><\/p>\n<p><\/p>\n<p>Herzlichst Ihre <br>Gabriele Hartmann<br>(Vorsitzende Ortsverband)<\/p>\n<p><\/p>\t\t\t\t\t\t<\/div>\n\t\t\t\t<\/div>\n\t\t\t\t<div class=\"elementor-element elementor-element-b432bcb elementor-widget elementor-widget-image\" data-id=\"b432bcb\" data-element_type=\"widget\" data-widget_type=\"image.default\">\n\t\t\t\t<div class=\"elementor-widget-container\">\n\t\t\t\t\t\t\t\t\t\t\t\t\t\t\t<img loading=\"lazy\" decoding=\"async\" width=\"100\" height=\"150\" src=\"http:\/\/www.cdu-bobenheim.de\/wp-content\/uploads\/2021\/02\/Gabi_Web.jpg\" class=\"attachment-large size-large wp-image-237\" alt=\"\" \/>\t\t\t\t\t\t\t\t\t\t\t\t\t\t\t<\/div>\n\t\t\t\t<\/div>\n\t\t\t\t\t<\/div>\n\t\t<\/div>\n\t\t\t\t<div class=\"elementor-column elementor-col-50 elementor-top-column elementor-element elementor-element-d8e25db\" data-id=\"d8e25db\" data-element_type=\"column\">\n\t\t\t<div class=\"elementor-widget-wrap\">\n\t\t\t\t\t\t\t\t\t<\/div>\n\t\t<\/div>\n\t\t\t\t\t\t\t<\/div>\n\t\t<\/section>\n\t\t\t\t\t\t\t<\/div>\n\t\t","protected":false},"excerpt":{"rendered":"<p>Willkommen bei der CDU Bobenheim am Berg Der Ortsverband Bobenheim am Berg freut sich, Sie auf dieser Website begr\u00fc\u00dfen zu d\u00fcrfen. Auf unseren Seiten k\u00f6nnen Sie sich \u00fcber die Arbeit des Ortsverbandes informieren. Vielleicht bekommen auch Sie Lust, sich politisch zu engagieren und ich darf Sie auf einer unserer n\u00e4chsten Veranstaltungen pers\u00f6nlich willkommen hei\u00dfen. F\u00fcr [&hellip;]<\/p>\n","protected":false},"author":1,"featured_media":0,"parent":0,"menu_order":0,"comment_status":"closed","ping_status":"closed","template":"","meta":{"footnotes":""},"_links":{"self":[{"href":"http:\/\/www.cdu-bobenheim.de\/index.php?rest_route=\/wp\/v2\/pages\/293"}],"collection":[{"href":"http:\/\/www.cdu-bobenheim.de\/index.php?rest_route=\/wp\/v2\/pages"}],"about":[{"href":"http:\/\/www.cdu-bobenheim.de\/index.php?rest_route=\/wp\/v2\/types\/page"}],"author":[{"embeddable":true,"href":"http:\/\/www.cdu-bobenheim.de\/index.php?rest_route=\/wp\/v2\/users\/1"}],"replies":[{"embeddable":true,"href":"http:\/\/www.cdu-bobenheim.de\/index.php?rest_route=%2Fwp%2Fv2%2Fcomments&post=293"}],"version-history":[{"count":64,"href":"http:\/\/www.cdu-bobenheim.de\/index.php?rest_route=\/wp\/v2\/pages\/293\/revisions"}],"predecessor-version":[{"id":361,"href":"http:\/\/www.cdu-bobenheim.de\/index.php?rest_route=\/wp\/v2\/pages\/293\/revisions\/361"}],"wp:attachment":[{"href":"http:\/\/www.cdu-bobenheim.de\/index.php?rest_route=%2Fwp%2Fv2%2Fmedia&parent=293"}],"curies":[{"name":"wp","href":"https:\/\/api.w.org\/{rel}","templated":true}]}}